{"id":5891,"date":"2026-04-20T14:09:42","date_gmt":"2026-04-20T14:09:42","guid":{"rendered":"https:\/\/www.canadametal.com\/products\/pate-a-souder\/"},"modified":"2026-04-20T14:09:42","modified_gmt":"2026-04-20T14:09:42","slug":"pate-a-souder","status":"publish","type":"product","link":"https:\/\/www.canadametal.com\/fr\/produits\/pate-a-souder\/","title":{"rendered":"P\u00e2te \u00e0 souder"},"content":{"rendered":"<p><strong>Description<\/strong><br \/>\nCanada Metal fournit un flux de soudure liquide sp\u00e9cialement formul\u00e9 pour offrir des performances \u00e9lev\u00e9es sur une large gamme de m\u00e9taux de base, d\u2019alliages de soudure et de temp\u00e9ratures. Notre p\u00e2te \u00e0 souder exerce une forte action d\u00e9capante qui \u00e9limine les couches d\u2019oxyde et autres impuret\u00e9s de la surface du m\u00e9tal afin de produire des joints solides. <\/p>\n<p>Applications<br \/>\nUtilisation sur l\u2019acier inoxydable, le Monel, les alliages \u00e0 haute teneur en chrome, l\u2019Inconel, le nickel, le cuivre, le laiton et les alliages ferreux.<\/p>\n<p><strong>Industries<\/strong><br \/>\nPlomberie<\/p>\n<p><strong>Formats<\/strong><br \/>\nVendu en conditionnements de 56 grammes, 100 grammes et 500 grammes.<\/p>\n<p><script type=\"application\/ld+json\"> \n{\"@context\":\"https:\/\/schema.org\",\n\"@type\":\"WebPage\",\n\"url\":\"https:\/\/www.canadametal.com\/products\/soldering-paste\/\",\n\"name\":\"Soldering Paste | Silver, Tin & Aluminum Solder Paste | Canada Metal\",\n\"description\":\"Find the best soldering paste at Canada Metal, including silver, tin, aluminium, and high-temp solder pastes. Ideal for industrial and precision applications.\",\n\"publisher\":{\"@type\":\"Organization\",\"name\":\"Canada Metal North America\"},\n\"keywords\":\"soldering paste, silver solder paste, best solder paste, aluminum solder paste, tin solder paste, high temp solder paste, tin lead solder paste, solder tinning paste\"} \n<\/script><\/p>\n","protected":false},"excerpt":{"rendered":"<p>Description Canada Metal fournit un flux de soudure liquide sp\u00e9cialement formul\u00e9 pour offrir des performances \u00e9lev\u00e9es sur une large gamme de m\u00e9taux de base, d\u2019alliages de soudure et de temp\u00e9ratures. Notre p\u00e2te \u00e0 souder exerce une forte action d\u00e9capante qui \u00e9limine les couches d\u2019oxyde et autres impuret\u00e9s de la surface du m\u00e9tal afin de produire [&hellip;]<\/p>\n","protected":false},"featured_media":4359,"template":"","product_category":[146],"class_list":["post-5891","product","type-product","status-publish","has-post-thumbnail","hentry","product_category-solder-metal-produits"],"yoast_head":"<!-- This site is optimized with the Yoast SEO plugin v25.4 - https:\/\/yoast.com\/wordpress\/plugins\/seo\/ -->\n<title>P\u00e2te \u00e0 souder | P\u00e2te \u00e0 braser \u00e0 l\u2019argent, \u00e0 l\u2019\u00e9tain et \u00e0 l\u2019aluminium | Canada Metal<\/title>\n<meta name=\"description\" content=\"Trouvez la meilleure p\u00e2te \u00e0 souder chez Canada Metal, incluant des p\u00e2tes \u00e0 braser \u00e0 l\u2019argent, \u00e0 l\u2019\u00e9tain et \u00e0 l\u2019aluminium, ainsi que des p\u00e2tes \u00e0 haute temp\u00e9rature. Id\u00e9ales pour les applications industrielles et de pr\u00e9cision.\" \/>\n<meta name=\"robots\" content=\"index, follow, max-snippet:-1, max-image-preview:large, max-video-preview:-1\" \/>\n<link rel=\"canonical\" href=\"https:\/\/www.canadametal.com\/fr\/produits\/pate-a-souder\/\" \/>\n<meta property=\"og:locale\" content=\"fr_FR\" \/>\n<meta property=\"og:type\" content=\"article\" \/>\n<meta property=\"og:title\" content=\"P\u00e2te \u00e0 souder | P\u00e2te \u00e0 braser \u00e0 l\u2019argent, \u00e0 l\u2019\u00e9tain et \u00e0 l\u2019aluminium | Canada Metal\" \/>\n<meta property=\"og:description\" content=\"Trouvez la meilleure p\u00e2te \u00e0 souder chez Canada Metal, incluant des p\u00e2tes \u00e0 braser \u00e0 l\u2019argent, \u00e0 l\u2019\u00e9tain et \u00e0 l\u2019aluminium, ainsi que des p\u00e2tes \u00e0 haute temp\u00e9rature. Id\u00e9ales pour les applications industrielles et de pr\u00e9cision.\" \/>\n<meta property=\"og:url\" content=\"https:\/\/www.canadametal.com\/fr\/produits\/pate-a-souder\/\" \/>\n<meta property=\"og:site_name\" content=\"Canada Metal\" \/>\n<meta property=\"og:image\" content=\"https:\/\/www.canadametal.com\/wp-content\/uploads\/2025\/07\/soldering-paste.png\" \/>\n\t<meta property=\"og:image:width\" content=\"224\" \/>\n\t<meta property=\"og:image:height\" content=\"154\" \/>\n\t<meta property=\"og:image:type\" content=\"image\/png\" \/>\n<meta name=\"twitter:card\" content=\"summary_large_image\" \/>\n<meta name=\"twitter:label1\" content=\"Dur\u00e9e de lecture estim\u00e9e\" \/>\n\t<meta name=\"twitter:data1\" content=\"1 minute\" \/>\n<!-- \/ Yoast SEO plugin. -->","yoast_head_json":{"title":"P\u00e2te \u00e0 souder | P\u00e2te \u00e0 braser \u00e0 l\u2019argent, \u00e0 l\u2019\u00e9tain et \u00e0 l\u2019aluminium | Canada Metal","description":"Trouvez la meilleure p\u00e2te \u00e0 souder chez Canada Metal, incluant des p\u00e2tes \u00e0 braser \u00e0 l\u2019argent, \u00e0 l\u2019\u00e9tain et \u00e0 l\u2019aluminium, ainsi que des p\u00e2tes \u00e0 haute temp\u00e9rature. Id\u00e9ales pour les applications industrielles et de pr\u00e9cision.","robots":{"index":"index","follow":"follow","max-snippet":"max-snippet:-1","max-image-preview":"max-image-preview:large","max-video-preview":"max-video-preview:-1"},"canonical":"https:\/\/www.canadametal.com\/fr\/produits\/pate-a-souder\/","og_locale":"fr_FR","og_type":"article","og_title":"P\u00e2te \u00e0 souder | P\u00e2te \u00e0 braser \u00e0 l\u2019argent, \u00e0 l\u2019\u00e9tain et \u00e0 l\u2019aluminium | Canada Metal","og_description":"Trouvez la meilleure p\u00e2te \u00e0 souder chez Canada Metal, incluant des p\u00e2tes \u00e0 braser \u00e0 l\u2019argent, \u00e0 l\u2019\u00e9tain et \u00e0 l\u2019aluminium, ainsi que des p\u00e2tes \u00e0 haute temp\u00e9rature. Id\u00e9ales pour les applications industrielles et de pr\u00e9cision.","og_url":"https:\/\/www.canadametal.com\/fr\/produits\/pate-a-souder\/","og_site_name":"Canada Metal","og_image":[{"width":224,"height":154,"url":"https:\/\/www.canadametal.com\/wp-content\/uploads\/2025\/07\/soldering-paste.png","type":"image\/png"}],"twitter_card":"summary_large_image","twitter_misc":{"Dur\u00e9e de lecture estim\u00e9e":"1 minute"},"schema":{"@context":"https:\/\/schema.org","@graph":[{"@type":"WebPage","@id":"https:\/\/www.canadametal.com\/fr\/produits\/pate-a-souder\/","url":"https:\/\/www.canadametal.com\/fr\/produits\/pate-a-souder\/","name":"P\u00e2te \u00e0 souder | P\u00e2te \u00e0 braser \u00e0 l\u2019argent, \u00e0 l\u2019\u00e9tain et \u00e0 l\u2019aluminium | Canada Metal","isPartOf":{"@id":"https:\/\/www.canadametal.com\/fr\/#website"},"primaryImageOfPage":{"@id":"https:\/\/www.canadametal.com\/fr\/produits\/pate-a-souder\/#primaryimage"},"image":{"@id":"https:\/\/www.canadametal.com\/fr\/produits\/pate-a-souder\/#primaryimage"},"thumbnailUrl":"https:\/\/www.canadametal.com\/wp-content\/uploads\/2025\/07\/soldering-paste.png","datePublished":"2026-04-20T14:09:42+00:00","description":"Trouvez la meilleure p\u00e2te \u00e0 souder chez Canada Metal, incluant des p\u00e2tes \u00e0 braser \u00e0 l\u2019argent, \u00e0 l\u2019\u00e9tain et \u00e0 l\u2019aluminium, ainsi que des p\u00e2tes \u00e0 haute temp\u00e9rature. Id\u00e9ales pour les applications industrielles et de pr\u00e9cision.","breadcrumb":{"@id":"https:\/\/www.canadametal.com\/fr\/produits\/pate-a-souder\/#breadcrumb"},"inLanguage":"fr-FR","potentialAction":[{"@type":"ReadAction","target":["https:\/\/www.canadametal.com\/fr\/produits\/pate-a-souder\/"]}]},{"@type":"ImageObject","inLanguage":"fr-FR","@id":"https:\/\/www.canadametal.com\/fr\/produits\/pate-a-souder\/#primaryimage","url":"https:\/\/www.canadametal.com\/wp-content\/uploads\/2025\/07\/soldering-paste.png","contentUrl":"https:\/\/www.canadametal.com\/wp-content\/uploads\/2025\/07\/soldering-paste.png","width":224,"height":154},{"@type":"BreadcrumbList","@id":"https:\/\/www.canadametal.com\/fr\/produits\/pate-a-souder\/#breadcrumb","itemListElement":[{"@type":"ListItem","position":1,"name":"Home","item":"https:\/\/www.canadametal.com\/fr\/"},{"@type":"ListItem","position":2,"name":"Products","item":"https:\/\/www.canadametal.com\/fr\/products\/"},{"@type":"ListItem","position":3,"name":"P\u00e2te \u00e0 souder"}]},{"@type":"WebSite","@id":"https:\/\/www.canadametal.com\/fr\/#website","url":"https:\/\/www.canadametal.com\/fr\/","name":"Canada Metal","description":"Lead Suppliers, Lead Ingots | Canada Metal North America","publisher":{"@id":"https:\/\/www.canadametal.com\/fr\/#organization"},"potentialAction":[{"@type":"SearchAction","target":{"@type":"EntryPoint","urlTemplate":"https:\/\/www.canadametal.com\/fr\/?s={search_term_string}"},"query-input":{"@type":"PropertyValueSpecification","valueRequired":true,"valueName":"search_term_string"}}],"inLanguage":"fr-FR"},{"@type":"Organization","@id":"https:\/\/www.canadametal.com\/fr\/#organization","name":"Canada Metal","url":"https:\/\/www.canadametal.com\/fr\/","logo":{"@type":"ImageObject","inLanguage":"fr-FR","@id":"https:\/\/www.canadametal.com\/fr\/#\/schema\/logo\/image\/","url":"https:\/\/www.canadametal.com\/wp-content\/uploads\/2025\/10\/cropped-N299.3-16-CMNA-Radiation-Shielding-1_1-1.png","contentUrl":"https:\/\/www.canadametal.com\/wp-content\/uploads\/2025\/10\/cropped-N299.3-16-CMNA-Radiation-Shielding-1_1-1.png","width":1754,"height":155,"caption":"Canada Metal"},"image":{"@id":"https:\/\/www.canadametal.com\/fr\/#\/schema\/logo\/image\/"}}]}},"_links":{"self":[{"href":"https:\/\/www.canadametal.com\/fr\/wp-json\/wp\/v2\/product\/5891","targetHints":{"allow":["GET"]}}],"collection":[{"href":"https:\/\/www.canadametal.com\/fr\/wp-json\/wp\/v2\/product"}],"about":[{"href":"https:\/\/www.canadametal.com\/fr\/wp-json\/wp\/v2\/types\/product"}],"wp:featuredmedia":[{"embeddable":true,"href":"https:\/\/www.canadametal.com\/fr\/wp-json\/wp\/v2\/media\/4359"}],"wp:attachment":[{"href":"https:\/\/www.canadametal.com\/fr\/wp-json\/wp\/v2\/media?parent=5891"}],"wp:term":[{"taxonomy":"product_category","embeddable":true,"href":"https:\/\/www.canadametal.com\/fr\/wp-json\/wp\/v2\/product_category?post=5891"}],"curies":[{"name":"wp","href":"https:\/\/api.w.org\/{rel}","templated":true}]}}