{"id":5892,"date":"2026-04-21T07:46:22","date_gmt":"2026-04-21T07:46:22","guid":{"rendered":"https:\/\/www.canadametal.com\/products\/anodes-pour-echangeurs-de-chaleur\/"},"modified":"2026-04-22T07:07:59","modified_gmt":"2026-04-22T07:07:59","slug":"anodes-pour-echangeurs-de-chaleur","status":"publish","type":"product","link":"https:\/\/www.canadametal.com\/fr\/products\/anodes-pour-echangeurs-de-chaleur\/","title":{"rendered":"Anodes pour \u00e9changeurs de chaleur"},"content":{"rendered":"<p><strong>Description<\/strong><br \/>\nCanada Metal fabrique des anodes pour \u00e9changeurs de chaleur de type \u00e0 boulonner, avec des diam\u00e8tres de 2 pouces \u00e0 11 pouces, ainsi qu\u2019au format carr\u00e9 de 6 x 6 pouces.  <\/p>\n<p><span style=\"text-decoration: underline;\"><strong>Applications<\/strong><\/span><br \/>\n\u00c9changeurs de chaleur<\/p>\n<p><span style=\"text-decoration: underline;\"><strong>Secteurs<\/strong><\/span><br \/>\nMarin<\/p>\n<p><strong>Formats<\/strong><br \/>\nDisponibles en diam\u00e8tres standards et sur mesure, avec des longueurs allant jusqu\u2019\u00e0 6 pieds.<\/p>\n","protected":false},"excerpt":{"rendered":"<p>Description Canada Metal fabrique des anodes pour \u00e9changeurs de chaleur de type \u00e0 boulonner, avec des diam\u00e8tres de 2 pouces \u00e0 11 pouces, ainsi qu\u2019au format carr\u00e9 de 6 x 6 pouces. Applications \u00c9changeurs de chaleur Secteurs Marin Formats Disponibles en diam\u00e8tres standards et sur mesure, avec des longueurs allant jusqu\u2019\u00e0 6 pieds.<\/p>\n","protected":false},"featured_media":4213,"template":"","product_category":[137],"class_list":["post-5892","product","type-product","status-publish","has-post-thumbnail","hentry","product_category-aluminium-produits"],"yoast_head":"<!-- This site is optimized with the Yoast SEO plugin v25.4 - https:\/\/yoast.com\/wordpress\/plugins\/seo\/ -->\n<title>Anodes pour \u00e9changeurs de chaleur - Canada Metal<\/title>\n<meta name=\"robots\" content=\"index, follow, max-snippet:-1, max-image-preview:large, max-video-preview:-1\" \/>\n<link rel=\"canonical\" href=\"https:\/\/www.canadametal.com\/fr\/products\/anodes-pour-echangeurs-de-chaleur\/\" \/>\n<meta property=\"og:locale\" content=\"fr_FR\" \/>\n<meta property=\"og:type\" content=\"article\" \/>\n<meta property=\"og:title\" content=\"Anodes pour \u00e9changeurs de chaleur - Canada Metal\" \/>\n<meta property=\"og:description\" content=\"Description Canada Metal fabrique des anodes pour \u00e9changeurs de chaleur de type \u00e0 boulonner, avec des diam\u00e8tres de 2 pouces \u00e0 11 pouces, ainsi qu\u2019au format carr\u00e9 de 6 x 6 pouces. Applications \u00c9changeurs de chaleur Secteurs Marin Formats Disponibles en diam\u00e8tres standards et sur mesure, avec des longueurs allant jusqu\u2019\u00e0 6 pieds.\" \/>\n<meta property=\"og:url\" content=\"https:\/\/www.canadametal.com\/fr\/products\/anodes-pour-echangeurs-de-chaleur\/\" \/>\n<meta property=\"og:site_name\" content=\"Canada Metal\" \/>\n<meta property=\"article:modified_time\" content=\"2026-04-22T07:07:59+00:00\" \/>\n<meta property=\"og:image\" content=\"https:\/\/www.canadametal.com\/wp-content\/uploads\/2025\/06\/marine-anodes.jpg\" \/>\n\t<meta property=\"og:image:width\" content=\"1368\" \/>\n\t<meta property=\"og:image:height\" content=\"912\" \/>\n\t<meta property=\"og:image:type\" content=\"image\/jpeg\" \/>\n<meta name=\"twitter:card\" content=\"summary_large_image\" \/>\n<!-- \/ Yoast SEO plugin. -->","yoast_head_json":{"title":"Anodes pour \u00e9changeurs de chaleur - Canada Metal","robots":{"index":"index","follow":"follow","max-snippet":"max-snippet:-1","max-image-preview":"max-image-preview:large","max-video-preview":"max-video-preview:-1"},"canonical":"https:\/\/www.canadametal.com\/fr\/products\/anodes-pour-echangeurs-de-chaleur\/","og_locale":"fr_FR","og_type":"article","og_title":"Anodes pour \u00e9changeurs de chaleur - Canada Metal","og_description":"Description Canada Metal fabrique des anodes pour \u00e9changeurs de chaleur de type \u00e0 boulonner, avec des diam\u00e8tres de 2 pouces \u00e0 11 pouces, ainsi qu\u2019au format carr\u00e9 de 6 x 6 pouces. Applications \u00c9changeurs de chaleur Secteurs Marin Formats Disponibles en diam\u00e8tres standards et sur mesure, avec des longueurs allant jusqu\u2019\u00e0 6 pieds.","og_url":"https:\/\/www.canadametal.com\/fr\/products\/anodes-pour-echangeurs-de-chaleur\/","og_site_name":"Canada Metal","article_modified_time":"2026-04-22T07:07:59+00:00","og_image":[{"width":1368,"height":912,"url":"https:\/\/www.canadametal.com\/wp-content\/uploads\/2025\/06\/marine-anodes.jpg","type":"image\/jpeg"}],"twitter_card":"summary_large_image","schema":{"@context":"https:\/\/schema.org","@graph":[{"@type":"WebPage","@id":"https:\/\/www.canadametal.com\/fr\/products\/anodes-pour-echangeurs-de-chaleur\/","url":"https:\/\/www.canadametal.com\/fr\/products\/anodes-pour-echangeurs-de-chaleur\/","name":"Anodes pour \u00e9changeurs de chaleur - Canada Metal","isPartOf":{"@id":"https:\/\/www.canadametal.com\/fr\/#website"},"primaryImageOfPage":{"@id":"https:\/\/www.canadametal.com\/fr\/products\/anodes-pour-echangeurs-de-chaleur\/#primaryimage"},"image":{"@id":"https:\/\/www.canadametal.com\/fr\/products\/anodes-pour-echangeurs-de-chaleur\/#primaryimage"},"thumbnailUrl":"https:\/\/www.canadametal.com\/wp-content\/uploads\/2025\/06\/marine-anodes.jpg","datePublished":"2026-04-21T07:46:22+00:00","dateModified":"2026-04-22T07:07:59+00:00","breadcrumb":{"@id":"https:\/\/www.canadametal.com\/fr\/products\/anodes-pour-echangeurs-de-chaleur\/#breadcrumb"},"inLanguage":"fr-FR","potentialAction":[{"@type":"ReadAction","target":["https:\/\/www.canadametal.com\/fr\/products\/anodes-pour-echangeurs-de-chaleur\/"]}]},{"@type":"ImageObject","inLanguage":"fr-FR","@id":"https:\/\/www.canadametal.com\/fr\/products\/anodes-pour-echangeurs-de-chaleur\/#primaryimage","url":"https:\/\/www.canadametal.com\/wp-content\/uploads\/2025\/06\/marine-anodes.jpg","contentUrl":"https:\/\/www.canadametal.com\/wp-content\/uploads\/2025\/06\/marine-anodes.jpg","width":1368,"height":912},{"@type":"BreadcrumbList","@id":"https:\/\/www.canadametal.com\/fr\/products\/anodes-pour-echangeurs-de-chaleur\/#breadcrumb","itemListElement":[{"@type":"ListItem","position":1,"name":"Home","item":"https:\/\/www.canadametal.com\/fr\/"},{"@type":"ListItem","position":2,"name":"Products","item":"https:\/\/www.canadametal.com\/fr\/products\/"},{"@type":"ListItem","position":3,"name":"Anodes pour \u00e9changeurs de chaleur"}]},{"@type":"WebSite","@id":"https:\/\/www.canadametal.com\/fr\/#website","url":"https:\/\/www.canadametal.com\/fr\/","name":"Canada Metal","description":"Lead Suppliers, Lead Ingots | Canada Metal North America","publisher":{"@id":"https:\/\/www.canadametal.com\/fr\/#organization"},"potentialAction":[{"@type":"SearchAction","target":{"@type":"EntryPoint","urlTemplate":"https:\/\/www.canadametal.com\/fr\/?s={search_term_string}"},"query-input":{"@type":"PropertyValueSpecification","valueRequired":true,"valueName":"search_term_string"}}],"inLanguage":"fr-FR"},{"@type":"Organization","@id":"https:\/\/www.canadametal.com\/fr\/#organization","name":"Canada Metal","url":"https:\/\/www.canadametal.com\/fr\/","logo":{"@type":"ImageObject","inLanguage":"fr-FR","@id":"https:\/\/www.canadametal.com\/fr\/#\/schema\/logo\/image\/","url":"https:\/\/www.canadametal.com\/wp-content\/uploads\/2025\/10\/cropped-N299.3-16-CMNA-Radiation-Shielding-1_1-1.png","contentUrl":"https:\/\/www.canadametal.com\/wp-content\/uploads\/2025\/10\/cropped-N299.3-16-CMNA-Radiation-Shielding-1_1-1.png","width":1754,"height":155,"caption":"Canada Metal"},"image":{"@id":"https:\/\/www.canadametal.com\/fr\/#\/schema\/logo\/image\/"}}]}},"_links":{"self":[{"href":"https:\/\/www.canadametal.com\/fr\/wp-json\/wp\/v2\/product\/5892","targetHints":{"allow":["GET"]}}],"collection":[{"href":"https:\/\/www.canadametal.com\/fr\/wp-json\/wp\/v2\/product"}],"about":[{"href":"https:\/\/www.canadametal.com\/fr\/wp-json\/wp\/v2\/types\/product"}],"wp:featuredmedia":[{"embeddable":true,"href":"https:\/\/www.canadametal.com\/fr\/wp-json\/wp\/v2\/media\/4213"}],"wp:attachment":[{"href":"https:\/\/www.canadametal.com\/fr\/wp-json\/wp\/v2\/media?parent=5892"}],"wp:term":[{"taxonomy":"product_category","embeddable":true,"href":"https:\/\/www.canadametal.com\/fr\/wp-json\/wp\/v2\/product_category?post=5892"}],"curies":[{"name":"wp","href":"https:\/\/api.w.org\/{rel}","templated":true}]}}