{"id":5894,"date":"2026-04-21T08:01:52","date_gmt":"2026-04-21T08:01:52","guid":{"rendered":"https:\/\/www.canadametal.com\/products\/anodes-de-traitement-2\/"},"modified":"2026-04-21T08:02:54","modified_gmt":"2026-04-21T08:02:54","slug":"anodes-de-traitement-2","status":"publish","type":"product","link":"https:\/\/www.canadametal.com\/fr\/produits\/anodes-traiteur-en-aluminium\/","title":{"rendered":"Anodes de traitement"},"content":{"rendered":"<div class=\"pro-head\"><span style=\"text-decoration: underline;\"><strong>Description<\/strong><\/span><\/div>\n<p>Nos anodes de traitement en aluminium sont fabriqu\u00e9es \u00e0 partir d&rsquo;aluminium de haute qualit\u00e9, exempt d&rsquo;impuret\u00e9s. Les anodes et les syst\u00e8mes de montage sur mesure facilitent leur installation pour toute application. Elles ont fait leurs preuves en assurant une excellente protection dans une large gamme d&rsquo;environnements, y compris les saumures produites \u00e0 haute temp\u00e9rature.  <\/p>\n<p>Applications<br \/>\nUnit\u00e9s de traitement thermique, r\u00e9servoirs de stockage, r\u00e9cipients sous pression, \u00e9changeurs de chaleur, \u00e9cr\u00e9meurs, s\u00e9parateurs d&rsquo;huile<\/p>\n<p><strong>Industries<\/strong><br \/>\nP\u00e9trole et gaz<\/p>\n<p><span style=\"text-decoration: underline;\"><strong>Formats<\/strong><\/span><\/p>\n<table class=\"table table-responsive table-bordered\" border=\"0\" width=\"690\" cellspacing=\"0\" cellpadding=\"0\">\n<tbody>\n<tr>\n<td class=\"head\" colspan=\"3\" align=\"center\" valign=\"top\">ALUMINUM<\/td>\n<td class=\"head\" colspan=\"3\" align=\"center\" valign=\"top\">Nominal Dimensions<\/td>\n<\/tr>\n<tr>\n<td align=\"center\" valign=\"middle\" width=\"133\">Num\u00e9ro de type<\/td>\n<td align=\"center\" valign=\"middle\" width=\"133\">Nom Wgt Lbs (Kgs)<\/td>\n<td align=\"center\" valign=\"middle\" width=\"133\">Fixation<\/td>\n<td align=\"center\" valign=\"middle\" width=\"133\">Longueur A en (mm)<\/td>\n<td align=\"center\" valign=\"middle\" width=\"133\">Diam\u00e8tre B en (mm)<\/td>\n<td align=\"center\" valign=\"middle\" width=\"135\">Dimension X en (mm)<\/td>\n<\/tr>\n<tr>\n<td align=\"center\" valign=\"middle\" width=\"133\">Traiteur 321<\/td>\n<td align=\"center\" valign=\"middle\" width=\"133\">16.5 (7.5)<\/td>\n<td align=\"center\" valign=\"middle\" width=\"133\">Filet\u00e9<\/td>\n<td align=\"center\" valign=\"middle\" width=\"133\">21.5 (546)<\/td>\n<td align=\"center\" valign=\"middle\" width=\"133\">3.0 (76)<\/td>\n<td align=\"center\" valign=\"middle\" width=\"135\">1.0 1.5<\/td>\n<\/tr>\n<tr>\n<td align=\"center\" valign=\"middle\">Traiteur 321A<\/td>\n<td align=\"center\" valign=\"middle\">16.5 (7.5)<\/td>\n<td align=\"center\" valign=\"middle\">Filet\u00e9<\/td>\n<td align=\"center\" valign=\"middle\">21.5 (546)<\/td>\n<td align=\"center\" valign=\"middle\">3.0 (76)<\/td>\n<td align=\"center\" valign=\"middle\">4.9<\/td>\n<\/tr>\n<tr>\n<td align=\"center\" valign=\"middle\">Traiteur 330<\/td>\n<td align=\"center\" valign=\"middle\">23.5 (10.7)<\/td>\n<td align=\"center\" valign=\"middle\">Filet\u00e9<\/td>\n<td align=\"center\" valign=\"middle\">30.0 (762)<\/td>\n<td align=\"center\" valign=\"middle\">3.0 (76)<\/td>\n<td align=\"center\" valign=\"middle\">1.0 1.5<\/td>\n<\/tr>\n<tr>\n<td align=\"center\" valign=\"middle\" width=\"133\">Traiteur 330A<\/td>\n<td align=\"center\" valign=\"middle\" width=\"133\">23.5 (10.7)<\/td>\n<td align=\"center\" valign=\"middle\" width=\"133\">Filet\u00e9<\/td>\n<td align=\"center\" valign=\"middle\" width=\"133\">30.0 (762)<\/td>\n<td align=\"center\" valign=\"middle\" width=\"133\">3.0 (76)<\/td>\n<td align=\"center\" valign=\"middle\" width=\"135\">4.0<\/td>\n<\/tr>\n<\/tbody>\n<\/table>\n","protected":false},"excerpt":{"rendered":"<p>Description Nos anodes de traitement en aluminium sont fabriqu\u00e9es \u00e0 partir d&rsquo;aluminium de haute qualit\u00e9, exempt d&rsquo;impuret\u00e9s. Les anodes et les syst\u00e8mes de montage sur mesure facilitent leur installation pour toute application. Elles ont fait leurs preuves en assurant une excellente protection dans une large gamme d&rsquo;environnements, y compris les saumures produites \u00e0 haute temp\u00e9rature. [&hellip;]<\/p>\n","protected":false},"featured_media":4209,"template":"","product_category":[137],"class_list":["post-5894","product","type-product","status-publish","has-post-thumbnail","hentry","product_category-aluminium-produits"],"yoast_head":"<!-- This site is optimized with the Yoast SEO plugin v25.4 - https:\/\/yoast.com\/wordpress\/plugins\/seo\/ -->\n<title>Anodes de traitement en aluminium test\u00e9es pour leur qualit\u00e9<\/title>\n<meta name=\"description\" content=\"Canada Metal propose des anodes de traitement en aluminium fabriqu\u00e9es \u00e0 partir d\u2019aluminium primaire de haute qualit\u00e9. Le produit est test\u00e9 et certifi\u00e9 pour r\u00e9pondre aux meilleures normes de l\u2019industrie.\" \/>\n<meta name=\"robots\" content=\"index, follow, max-snippet:-1, max-image-preview:large, max-video-preview:-1\" \/>\n<link rel=\"canonical\" href=\"https:\/\/www.canadametal.com\/fr\/produits\/anodes-traiteur-en-aluminium\/\" \/>\n<meta property=\"og:locale\" content=\"fr_FR\" \/>\n<meta property=\"og:type\" content=\"article\" \/>\n<meta property=\"og:title\" content=\"Anodes de traitement en aluminium test\u00e9es pour leur qualit\u00e9\" \/>\n<meta property=\"og:description\" content=\"Canada Metal propose des anodes de traitement en aluminium fabriqu\u00e9es \u00e0 partir d\u2019aluminium primaire de haute qualit\u00e9. Le produit est test\u00e9 et certifi\u00e9 pour r\u00e9pondre aux meilleures normes de l\u2019industrie.\" \/>\n<meta property=\"og:url\" content=\"https:\/\/www.canadametal.com\/fr\/produits\/anodes-traiteur-en-aluminium\/\" \/>\n<meta property=\"og:site_name\" content=\"Canada Metal\" \/>\n<meta property=\"article:modified_time\" content=\"2026-04-21T08:02:54+00:00\" \/>\n<meta property=\"og:image\" content=\"https:\/\/www.canadametal.com\/wp-content\/uploads\/2025\/06\/treater-anodes.jpg\" \/>\n\t<meta property=\"og:image:width\" content=\"1280\" \/>\n\t<meta property=\"og:image:height\" content=\"960\" \/>\n\t<meta property=\"og:image:type\" content=\"image\/jpeg\" \/>\n<meta name=\"twitter:card\" content=\"summary_large_image\" \/>\n<meta name=\"twitter:label1\" content=\"Dur\u00e9e de lecture estim\u00e9e\" \/>\n\t<meta name=\"twitter:data1\" content=\"1 minute\" \/>\n<!-- \/ Yoast SEO plugin. -->","yoast_head_json":{"title":"Anodes de traitement en aluminium test\u00e9es pour leur qualit\u00e9","description":"Canada Metal propose des anodes de traitement en aluminium fabriqu\u00e9es \u00e0 partir d\u2019aluminium primaire de haute qualit\u00e9. Le produit est test\u00e9 et certifi\u00e9 pour r\u00e9pondre aux meilleures normes de l\u2019industrie.","robots":{"index":"index","follow":"follow","max-snippet":"max-snippet:-1","max-image-preview":"max-image-preview:large","max-video-preview":"max-video-preview:-1"},"canonical":"https:\/\/www.canadametal.com\/fr\/produits\/anodes-traiteur-en-aluminium\/","og_locale":"fr_FR","og_type":"article","og_title":"Anodes de traitement en aluminium test\u00e9es pour leur qualit\u00e9","og_description":"Canada Metal propose des anodes de traitement en aluminium fabriqu\u00e9es \u00e0 partir d\u2019aluminium primaire de haute qualit\u00e9. Le produit est test\u00e9 et certifi\u00e9 pour r\u00e9pondre aux meilleures normes de l\u2019industrie.","og_url":"https:\/\/www.canadametal.com\/fr\/produits\/anodes-traiteur-en-aluminium\/","og_site_name":"Canada Metal","article_modified_time":"2026-04-21T08:02:54+00:00","og_image":[{"width":1280,"height":960,"url":"https:\/\/www.canadametal.com\/wp-content\/uploads\/2025\/06\/treater-anodes.jpg","type":"image\/jpeg"}],"twitter_card":"summary_large_image","twitter_misc":{"Dur\u00e9e de lecture estim\u00e9e":"1 minute"},"schema":{"@context":"https:\/\/schema.org","@graph":[{"@type":"WebPage","@id":"https:\/\/www.canadametal.com\/fr\/produits\/anodes-traiteur-en-aluminium\/","url":"https:\/\/www.canadametal.com\/fr\/produits\/anodes-traiteur-en-aluminium\/","name":"Anodes de traitement en aluminium test\u00e9es pour leur qualit\u00e9","isPartOf":{"@id":"https:\/\/www.canadametal.com\/fr\/#website"},"primaryImageOfPage":{"@id":"https:\/\/www.canadametal.com\/fr\/produits\/anodes-traiteur-en-aluminium\/#primaryimage"},"image":{"@id":"https:\/\/www.canadametal.com\/fr\/produits\/anodes-traiteur-en-aluminium\/#primaryimage"},"thumbnailUrl":"https:\/\/www.canadametal.com\/wp-content\/uploads\/2025\/06\/treater-anodes.jpg","datePublished":"2026-04-21T08:01:52+00:00","dateModified":"2026-04-21T08:02:54+00:00","description":"Canada Metal propose des anodes de traitement en aluminium fabriqu\u00e9es \u00e0 partir d\u2019aluminium primaire de haute qualit\u00e9. Le produit est test\u00e9 et certifi\u00e9 pour r\u00e9pondre aux meilleures normes de l\u2019industrie.","breadcrumb":{"@id":"https:\/\/www.canadametal.com\/fr\/produits\/anodes-traiteur-en-aluminium\/#breadcrumb"},"inLanguage":"fr-FR","potentialAction":[{"@type":"ReadAction","target":["https:\/\/www.canadametal.com\/fr\/produits\/anodes-traiteur-en-aluminium\/"]}]},{"@type":"ImageObject","inLanguage":"fr-FR","@id":"https:\/\/www.canadametal.com\/fr\/produits\/anodes-traiteur-en-aluminium\/#primaryimage","url":"https:\/\/www.canadametal.com\/wp-content\/uploads\/2025\/06\/treater-anodes.jpg","contentUrl":"https:\/\/www.canadametal.com\/wp-content\/uploads\/2025\/06\/treater-anodes.jpg","width":1280,"height":960},{"@type":"BreadcrumbList","@id":"https:\/\/www.canadametal.com\/fr\/produits\/anodes-traiteur-en-aluminium\/#breadcrumb","itemListElement":[{"@type":"ListItem","position":1,"name":"Home","item":"https:\/\/www.canadametal.com\/fr\/"},{"@type":"ListItem","position":2,"name":"Products","item":"https:\/\/www.canadametal.com\/fr\/products\/"},{"@type":"ListItem","position":3,"name":"Anodes de traitement"}]},{"@type":"WebSite","@id":"https:\/\/www.canadametal.com\/fr\/#website","url":"https:\/\/www.canadametal.com\/fr\/","name":"Canada Metal","description":"Lead Suppliers, Lead Ingots | Canada Metal North America","publisher":{"@id":"https:\/\/www.canadametal.com\/fr\/#organization"},"potentialAction":[{"@type":"SearchAction","target":{"@type":"EntryPoint","urlTemplate":"https:\/\/www.canadametal.com\/fr\/?s={search_term_string}"},"query-input":{"@type":"PropertyValueSpecification","valueRequired":true,"valueName":"search_term_string"}}],"inLanguage":"fr-FR"},{"@type":"Organization","@id":"https:\/\/www.canadametal.com\/fr\/#organization","name":"Canada Metal","url":"https:\/\/www.canadametal.com\/fr\/","logo":{"@type":"ImageObject","inLanguage":"fr-FR","@id":"https:\/\/www.canadametal.com\/fr\/#\/schema\/logo\/image\/","url":"https:\/\/www.canadametal.com\/wp-content\/uploads\/2025\/10\/cropped-N299.3-16-CMNA-Radiation-Shielding-1_1-1.png","contentUrl":"https:\/\/www.canadametal.com\/wp-content\/uploads\/2025\/10\/cropped-N299.3-16-CMNA-Radiation-Shielding-1_1-1.png","width":1754,"height":155,"caption":"Canada Metal"},"image":{"@id":"https:\/\/www.canadametal.com\/fr\/#\/schema\/logo\/image\/"}}]}},"_links":{"self":[{"href":"https:\/\/www.canadametal.com\/fr\/wp-json\/wp\/v2\/product\/5894","targetHints":{"allow":["GET"]}}],"collection":[{"href":"https:\/\/www.canadametal.com\/fr\/wp-json\/wp\/v2\/product"}],"about":[{"href":"https:\/\/www.canadametal.com\/fr\/wp-json\/wp\/v2\/types\/product"}],"wp:featuredmedia":[{"embeddable":true,"href":"https:\/\/www.canadametal.com\/fr\/wp-json\/wp\/v2\/media\/4209"}],"wp:attachment":[{"href":"https:\/\/www.canadametal.com\/fr\/wp-json\/wp\/v2\/media?parent=5894"}],"wp:term":[{"taxonomy":"product_category","embeddable":true,"href":"https:\/\/www.canadametal.com\/fr\/wp-json\/wp\/v2\/product_category?post=5894"}],"curies":[{"name":"wp","href":"https:\/\/api.w.org\/{rel}","templated":true}]}}