{"id":5905,"date":"2026-04-21T09:03:29","date_gmt":"2026-04-21T09:03:29","guid":{"rendered":"https:\/\/www.canadametal.com\/products\/billes-de-zinc\/"},"modified":"2026-04-21T09:10:26","modified_gmt":"2026-04-21T09:10:26","slug":"billes-de-zinc","status":"publish","type":"product","link":"https:\/\/www.canadametal.com\/fr\/produits\/billes-de-zinc\/","title":{"rendered":"Billes de zinc"},"content":{"rendered":"<p>Description<br \/>\nNos billes de zinc \u00e0 dessus plat sont fabriqu\u00e9es \u00e0 partir de zinc sp\u00e9cial de haute qualit\u00e9 et moul\u00e9es pour garantir une surface lisse et une uniformit\u00e9 de forme.<\/p>\n<p><strong>Formats<\/strong><br \/>\nDisponibles en diam\u00e8tre de 2 pouces.<\/p>\n<p><script type=\"application\/ld+json\"> \n{\"@context\":\"https:\/\/schema.org\",\n\"@type\":\"WebPage\",\n\"url\":\"https:\/\/www.canadametal.com\/products\/zinc-balls\/\",\n\"name\":\"Zinc Balls | High-Purity Zinc Anode Balls | Canada Metal\",\n\"description\":\"Shop high-quality zinc balls and anode balls from Canada Metal. Designed for superior corrosion protection and performance in electroplating and marine use.\",\n\"publisher\":{\"@type\":\"Organization\",\"name\":\"Canada Metal North America\"},\n\"keywords\":\"zinc balls, zinc anode balls\"} \n<\/script><\/p>\n","protected":false},"excerpt":{"rendered":"<p>Description Nos billes de zinc \u00e0 dessus plat sont fabriqu\u00e9es \u00e0 partir de zinc sp\u00e9cial de haute qualit\u00e9 et moul\u00e9es pour garantir une surface lisse et une uniformit\u00e9 de forme. Formats Disponibles en diam\u00e8tre de 2 pouces.<\/p>\n","protected":false},"featured_media":4363,"template":"","product_category":[141],"class_list":["post-5905","product","type-product","status-publish","has-post-thumbnail","hentry","product_category-zinc-produits"],"yoast_head":"<!-- This site is optimized with the Yoast SEO plugin v25.4 - https:\/\/yoast.com\/wordpress\/plugins\/seo\/ -->\n<title>Billes de zinc | Billes d\u2019anode en zinc de haute puret\u00e9 | Canada Metal<\/title>\n<meta name=\"description\" content=\"Achetez des billes de zinc et des billes d\u2019anode de haute qualit\u00e9 chez Canada Metal. Con\u00e7ues pour offrir une protection sup\u00e9rieure contre la corrosion et des performances optimales dans les applications d\u2019\u00e9lectroplacage et en milieu marin.\" \/>\n<meta name=\"robots\" content=\"index, follow, max-snippet:-1, max-image-preview:large, max-video-preview:-1\" \/>\n<link rel=\"canonical\" href=\"https:\/\/www.canadametal.com\/fr\/produits\/billes-de-zinc\/\" \/>\n<meta property=\"og:locale\" content=\"fr_FR\" \/>\n<meta property=\"og:type\" content=\"article\" \/>\n<meta property=\"og:title\" content=\"Billes de zinc | Billes d\u2019anode en zinc de haute puret\u00e9 | Canada Metal\" \/>\n<meta property=\"og:description\" content=\"Achetez des billes de zinc et des billes d\u2019anode de haute qualit\u00e9 chez Canada Metal. Con\u00e7ues pour offrir une protection sup\u00e9rieure contre la corrosion et des performances optimales dans les applications d\u2019\u00e9lectroplacage et en milieu marin.\" \/>\n<meta property=\"og:url\" content=\"https:\/\/www.canadametal.com\/fr\/produits\/billes-de-zinc\/\" \/>\n<meta property=\"og:site_name\" content=\"Canada Metal\" \/>\n<meta property=\"article:modified_time\" content=\"2026-04-21T09:10:26+00:00\" \/>\n<meta property=\"og:image\" content=\"https:\/\/www.canadametal.com\/wp-content\/uploads\/2025\/07\/zinc-balls.jpg\" \/>\n\t<meta property=\"og:image:width\" content=\"600\" \/>\n\t<meta property=\"og:image:height\" content=\"450\" \/>\n\t<meta property=\"og:image:type\" content=\"image\/jpeg\" \/>\n<meta name=\"twitter:card\" content=\"summary_large_image\" \/>\n<meta name=\"twitter:label1\" content=\"Dur\u00e9e de lecture estim\u00e9e\" \/>\n\t<meta name=\"twitter:data1\" content=\"1 minute\" \/>\n<!-- \/ Yoast SEO plugin. -->","yoast_head_json":{"title":"Billes de zinc | Billes d\u2019anode en zinc de haute puret\u00e9 | Canada Metal","description":"Achetez des billes de zinc et des billes d\u2019anode de haute qualit\u00e9 chez Canada Metal. Con\u00e7ues pour offrir une protection sup\u00e9rieure contre la corrosion et des performances optimales dans les applications d\u2019\u00e9lectroplacage et en milieu marin.","robots":{"index":"index","follow":"follow","max-snippet":"max-snippet:-1","max-image-preview":"max-image-preview:large","max-video-preview":"max-video-preview:-1"},"canonical":"https:\/\/www.canadametal.com\/fr\/produits\/billes-de-zinc\/","og_locale":"fr_FR","og_type":"article","og_title":"Billes de zinc | Billes d\u2019anode en zinc de haute puret\u00e9 | Canada Metal","og_description":"Achetez des billes de zinc et des billes d\u2019anode de haute qualit\u00e9 chez Canada Metal. Con\u00e7ues pour offrir une protection sup\u00e9rieure contre la corrosion et des performances optimales dans les applications d\u2019\u00e9lectroplacage et en milieu marin.","og_url":"https:\/\/www.canadametal.com\/fr\/produits\/billes-de-zinc\/","og_site_name":"Canada Metal","article_modified_time":"2026-04-21T09:10:26+00:00","og_image":[{"width":600,"height":450,"url":"https:\/\/www.canadametal.com\/wp-content\/uploads\/2025\/07\/zinc-balls.jpg","type":"image\/jpeg"}],"twitter_card":"summary_large_image","twitter_misc":{"Dur\u00e9e de lecture estim\u00e9e":"1 minute"},"schema":{"@context":"https:\/\/schema.org","@graph":[{"@type":"WebPage","@id":"https:\/\/www.canadametal.com\/fr\/produits\/billes-de-zinc\/","url":"https:\/\/www.canadametal.com\/fr\/produits\/billes-de-zinc\/","name":"Billes de zinc | Billes d\u2019anode en zinc de haute puret\u00e9 | Canada Metal","isPartOf":{"@id":"https:\/\/www.canadametal.com\/fr\/#website"},"primaryImageOfPage":{"@id":"https:\/\/www.canadametal.com\/fr\/produits\/billes-de-zinc\/#primaryimage"},"image":{"@id":"https:\/\/www.canadametal.com\/fr\/produits\/billes-de-zinc\/#primaryimage"},"thumbnailUrl":"https:\/\/www.canadametal.com\/wp-content\/uploads\/2025\/07\/zinc-balls.jpg","datePublished":"2026-04-21T09:03:29+00:00","dateModified":"2026-04-21T09:10:26+00:00","description":"Achetez des billes de zinc et des billes d\u2019anode de haute qualit\u00e9 chez Canada Metal. Con\u00e7ues pour offrir une protection sup\u00e9rieure contre la corrosion et des performances optimales dans les applications d\u2019\u00e9lectroplacage et en milieu marin.","breadcrumb":{"@id":"https:\/\/www.canadametal.com\/fr\/produits\/billes-de-zinc\/#breadcrumb"},"inLanguage":"fr-FR","potentialAction":[{"@type":"ReadAction","target":["https:\/\/www.canadametal.com\/fr\/produits\/billes-de-zinc\/"]}]},{"@type":"ImageObject","inLanguage":"fr-FR","@id":"https:\/\/www.canadametal.com\/fr\/produits\/billes-de-zinc\/#primaryimage","url":"https:\/\/www.canadametal.com\/wp-content\/uploads\/2025\/07\/zinc-balls.jpg","contentUrl":"https:\/\/www.canadametal.com\/wp-content\/uploads\/2025\/07\/zinc-balls.jpg","width":600,"height":450,"caption":"Comment les billes de zinc am\u00e9liorent l\u2019efficacit\u00e9 des syst\u00e8mes d\u2019\u00e9lectroplacage et de protection contre la corrosion"},{"@type":"BreadcrumbList","@id":"https:\/\/www.canadametal.com\/fr\/produits\/billes-de-zinc\/#breadcrumb","itemListElement":[{"@type":"ListItem","position":1,"name":"Home","item":"https:\/\/www.canadametal.com\/fr\/"},{"@type":"ListItem","position":2,"name":"Products","item":"https:\/\/www.canadametal.com\/fr\/products\/"},{"@type":"ListItem","position":3,"name":"Billes de zinc"}]},{"@type":"WebSite","@id":"https:\/\/www.canadametal.com\/fr\/#website","url":"https:\/\/www.canadametal.com\/fr\/","name":"Canada Metal","description":"Lead Suppliers, Lead Ingots | Canada Metal North America","publisher":{"@id":"https:\/\/www.canadametal.com\/fr\/#organization"},"potentialAction":[{"@type":"SearchAction","target":{"@type":"EntryPoint","urlTemplate":"https:\/\/www.canadametal.com\/fr\/?s={search_term_string}"},"query-input":{"@type":"PropertyValueSpecification","valueRequired":true,"valueName":"search_term_string"}}],"inLanguage":"fr-FR"},{"@type":"Organization","@id":"https:\/\/www.canadametal.com\/fr\/#organization","name":"Canada Metal","url":"https:\/\/www.canadametal.com\/fr\/","logo":{"@type":"ImageObject","inLanguage":"fr-FR","@id":"https:\/\/www.canadametal.com\/fr\/#\/schema\/logo\/image\/","url":"https:\/\/www.canadametal.com\/wp-content\/uploads\/2025\/10\/cropped-N299.3-16-CMNA-Radiation-Shielding-1_1-1.png","contentUrl":"https:\/\/www.canadametal.com\/wp-content\/uploads\/2025\/10\/cropped-N299.3-16-CMNA-Radiation-Shielding-1_1-1.png","width":1754,"height":155,"caption":"Canada Metal"},"image":{"@id":"https:\/\/www.canadametal.com\/fr\/#\/schema\/logo\/image\/"}}]}},"_links":{"self":[{"href":"https:\/\/www.canadametal.com\/fr\/wp-json\/wp\/v2\/product\/5905","targetHints":{"allow":["GET"]}}],"collection":[{"href":"https:\/\/www.canadametal.com\/fr\/wp-json\/wp\/v2\/product"}],"about":[{"href":"https:\/\/www.canadametal.com\/fr\/wp-json\/wp\/v2\/types\/product"}],"wp:featuredmedia":[{"embeddable":true,"href":"https:\/\/www.canadametal.com\/fr\/wp-json\/wp\/v2\/media\/4363"}],"wp:attachment":[{"href":"https:\/\/www.canadametal.com\/fr\/wp-json\/wp\/v2\/media?parent=5905"}],"wp:term":[{"taxonomy":"product_category","embeddable":true,"href":"https:\/\/www.canadametal.com\/fr\/wp-json\/wp\/v2\/product_category?post=5905"}],"curies":[{"name":"wp","href":"https:\/\/api.w.org\/{rel}","templated":true}]}}