{"id":5906,"date":"2026-04-21T09:17:59","date_gmt":"2026-04-21T09:17:59","guid":{"rendered":"https:\/\/www.canadametal.com\/products\/soudure-a-largent\/"},"modified":"2026-04-21T09:21:50","modified_gmt":"2026-04-21T09:21:50","slug":"soudure-a-largent","status":"publish","type":"product","link":"https:\/\/www.canadametal.com\/fr\/produits\/soudure-a-l-argent\/","title":{"rendered":"Soudure \u00e0 l\u2019argent"},"content":{"rendered":"<p><strong>Description<\/strong><br \/>\nLa soudure \u00e0 l\u2019argent sans plomb de Canada Metal est conforme aux r\u00e9glementations sur l\u2019eau potable interdisant l\u2019utilisation de soudures contenant du plomb. Elle est sans plomb, sans antimoine et sans zinc, et disponible en diff\u00e9rents poids et formats pour une exp\u00e9dition le jour m\u00eame.<\/p>\n<p><span style=\"text-decoration: underline;\"><strong>Solutions de brasage et de soudure \u00e0 l\u2019argent de haute qualit\u00e9<\/strong><\/span><br \/>\n<strong><a href=\"https:\/\/www.canadametal.com\/fr\/\">Canada Metal<\/a><\/strong> propose des produits de soudure \u00e0 l\u2019argent et de brasage \u00e0 l\u2019argent de premier ordre, con\u00e7us pour offrir r\u00e9sistance et fiabilit\u00e9 dans diverses applications d\u2019assemblage des m\u00e9taux. Notre soudure \u00e0 l\u2019argent est reconnue pour ses excellentes propri\u00e9t\u00e9s de fluidit\u00e9, garantissant des connexions lisses et durables dans les environnements industriels.<\/p>\n<p>Reconnues pour leur performance dans de nombreux secteurs<br \/>\nGr\u00e2ce \u00e0 nos solutions de brasage \u00e0 l\u2019argent, Canada Metal fournit des joints durables et r\u00e9sistants \u00e0 la <strong><a href=\"https:\/\/www.canadametal.com\/corrosion-protection\/\">corrosion, capables<\/a><\/strong> de supporter des environnements \u00e0 haute temp\u00e9rature. Ces produits sont largement utilis\u00e9s en Am\u00e9rique du Nord dans des secteurs tels que la plomberie, o\u00f9 la pr\u00e9cision et la performance sont essentielles. Que vous travailliez avec du cuivre, du laiton ou d\u2019autres m\u00e9taux, nos produits de soudure et de brasage \u00e0 l\u2019argent offrent une qualit\u00e9 in\u00e9gal\u00e9e et des r\u00e9sultats durables.<\/p>\n<p>Pr\u00eat \u00e0 am\u00e9liorer vos projets avec nos solutions fiables de soudure et de brasage \u00e0 l\u2019argent ? <a href=\"https:\/\/www.canadametal.com\/contact\/\">Contactez-nous<\/a> d\u00e8s aujourd\u2019hui pour plus de d\u00e9tails !<\/p>\n<p><strong>Industries<\/strong><br \/>\nPlomberie<\/p>\n<p><strong><span style=\"text-decoration: underline;\">Formats<\/span><\/strong><\/p>\n<p><strong>Disponibles en bobines :<\/strong><br \/>\nDiam\u00e8tre 3 mm, 50 par carton (25 kg), 10 par carton (25 kg), 2 par carton (20 kg)<\/p>\n<p><script type=\"application\/ld+json\"> \n{\"@context\":\"https:\/\/schema.org\",\n\"@type\":\"WebPage\",\n\"url\":\"https:\/\/www.canadametal.com\/products\/silver-solder\/\",\n\"name\":\"Silver Solder | Silver Brazing Alloys | Canada Metal\",\n\"description\":\"Shop premium silver solder and silver brazing alloys from Canada Metal. High-strength, corrosion-resistant, and ideal for precision industrial applications.\",\n\"publisher\":{\"@type\":\"Organization\",\"name\":\"Canada Metal North America\"},\n\"keywords\":\"silver solder, silver brazing\"} \n<\/script><\/p>\n","protected":false},"excerpt":{"rendered":"<p>Description La soudure \u00e0 l\u2019argent sans plomb de Canada Metal est conforme aux r\u00e9glementations sur l\u2019eau potable interdisant l\u2019utilisation de soudures contenant du plomb. Elle est sans plomb, sans antimoine et sans zinc, et disponible en diff\u00e9rents poids et formats pour une exp\u00e9dition le jour m\u00eame. Solutions de brasage et de soudure \u00e0 l\u2019argent de [&hellip;]<\/p>\n","protected":false},"featured_media":4357,"template":"","product_category":[146],"class_list":["post-5906","product","type-product","status-publish","has-post-thumbnail","hentry","product_category-solder-metal-produits"],"yoast_head":"<!-- This site is optimized with the Yoast SEO plugin v25.4 - https:\/\/yoast.com\/wordpress\/plugins\/seo\/ -->\n<title>Soudure \u00e0 l\u2019argent | Alliages de brasage \u00e0 l\u2019argent | Canada Metal<\/title>\n<meta name=\"description\" content=\"Achetez de la soudure \u00e0 l\u2019argent et des alliages de brasage \u00e0 l\u2019argent haut de gamme chez Canada Metal. Haute r\u00e9sistance, r\u00e9sistance \u00e0 la corrosion et id\u00e9als pour des applications industrielles de pr\u00e9cision.\" \/>\n<meta name=\"robots\" content=\"index, follow, max-snippet:-1, max-image-preview:large, max-video-preview:-1\" \/>\n<link rel=\"canonical\" href=\"https:\/\/www.canadametal.com\/fr\/produits\/soudure-a-l-argent\/\" \/>\n<meta property=\"og:locale\" content=\"fr_FR\" \/>\n<meta property=\"og:type\" content=\"article\" \/>\n<meta property=\"og:title\" content=\"Soudure \u00e0 l\u2019argent | Alliages de brasage \u00e0 l\u2019argent | Canada Metal\" \/>\n<meta property=\"og:description\" content=\"Achetez de la soudure \u00e0 l\u2019argent et des alliages de brasage \u00e0 l\u2019argent haut de gamme chez Canada Metal. Haute r\u00e9sistance, r\u00e9sistance \u00e0 la corrosion et id\u00e9als pour des applications industrielles de pr\u00e9cision.\" \/>\n<meta property=\"og:url\" content=\"https:\/\/www.canadametal.com\/fr\/produits\/soudure-a-l-argent\/\" \/>\n<meta property=\"og:site_name\" content=\"Canada Metal\" \/>\n<meta property=\"article:modified_time\" content=\"2026-04-21T09:21:50+00:00\" \/>\n<meta property=\"og:image\" content=\"https:\/\/www.canadametal.com\/wp-content\/uploads\/2025\/07\/silver-solder.png\" \/>\n\t<meta property=\"og:image:width\" content=\"270\" \/>\n\t<meta property=\"og:image:height\" content=\"184\" \/>\n\t<meta property=\"og:image:type\" content=\"image\/png\" \/>\n<meta name=\"twitter:card\" content=\"summary_large_image\" \/>\n<meta name=\"twitter:label1\" content=\"Dur\u00e9e de lecture estim\u00e9e\" \/>\n\t<meta name=\"twitter:data1\" content=\"2 minutes\" \/>\n<!-- \/ Yoast SEO plugin. -->","yoast_head_json":{"title":"Soudure \u00e0 l\u2019argent | Alliages de brasage \u00e0 l\u2019argent | Canada Metal","description":"Achetez de la soudure \u00e0 l\u2019argent et des alliages de brasage \u00e0 l\u2019argent haut de gamme chez Canada Metal. Haute r\u00e9sistance, r\u00e9sistance \u00e0 la corrosion et id\u00e9als pour des applications industrielles de pr\u00e9cision.","robots":{"index":"index","follow":"follow","max-snippet":"max-snippet:-1","max-image-preview":"max-image-preview:large","max-video-preview":"max-video-preview:-1"},"canonical":"https:\/\/www.canadametal.com\/fr\/produits\/soudure-a-l-argent\/","og_locale":"fr_FR","og_type":"article","og_title":"Soudure \u00e0 l\u2019argent | Alliages de brasage \u00e0 l\u2019argent | Canada Metal","og_description":"Achetez de la soudure \u00e0 l\u2019argent et des alliages de brasage \u00e0 l\u2019argent haut de gamme chez Canada Metal. Haute r\u00e9sistance, r\u00e9sistance \u00e0 la corrosion et id\u00e9als pour des applications industrielles de pr\u00e9cision.","og_url":"https:\/\/www.canadametal.com\/fr\/produits\/soudure-a-l-argent\/","og_site_name":"Canada Metal","article_modified_time":"2026-04-21T09:21:50+00:00","og_image":[{"width":270,"height":184,"url":"https:\/\/www.canadametal.com\/wp-content\/uploads\/2025\/07\/silver-solder.png","type":"image\/png"}],"twitter_card":"summary_large_image","twitter_misc":{"Dur\u00e9e de lecture estim\u00e9e":"2 minutes"},"schema":{"@context":"https:\/\/schema.org","@graph":[{"@type":"WebPage","@id":"https:\/\/www.canadametal.com\/fr\/produits\/soudure-a-l-argent\/","url":"https:\/\/www.canadametal.com\/fr\/produits\/soudure-a-l-argent\/","name":"Soudure \u00e0 l\u2019argent | Alliages de brasage \u00e0 l\u2019argent | Canada Metal","isPartOf":{"@id":"https:\/\/www.canadametal.com\/fr\/#website"},"primaryImageOfPage":{"@id":"https:\/\/www.canadametal.com\/fr\/produits\/soudure-a-l-argent\/#primaryimage"},"image":{"@id":"https:\/\/www.canadametal.com\/fr\/produits\/soudure-a-l-argent\/#primaryimage"},"thumbnailUrl":"https:\/\/www.canadametal.com\/wp-content\/uploads\/2025\/07\/silver-solder.png","datePublished":"2026-04-21T09:17:59+00:00","dateModified":"2026-04-21T09:21:50+00:00","description":"Achetez de la soudure \u00e0 l\u2019argent et des alliages de brasage \u00e0 l\u2019argent haut de gamme chez Canada Metal. Haute r\u00e9sistance, r\u00e9sistance \u00e0 la corrosion et id\u00e9als pour des applications industrielles de pr\u00e9cision.","breadcrumb":{"@id":"https:\/\/www.canadametal.com\/fr\/produits\/soudure-a-l-argent\/#breadcrumb"},"inLanguage":"fr-FR","potentialAction":[{"@type":"ReadAction","target":["https:\/\/www.canadametal.com\/fr\/produits\/soudure-a-l-argent\/"]}]},{"@type":"ImageObject","inLanguage":"fr-FR","@id":"https:\/\/www.canadametal.com\/fr\/produits\/soudure-a-l-argent\/#primaryimage","url":"https:\/\/www.canadametal.com\/wp-content\/uploads\/2025\/07\/silver-solder.png","contentUrl":"https:\/\/www.canadametal.com\/wp-content\/uploads\/2025\/07\/silver-solder.png","width":270,"height":184},{"@type":"BreadcrumbList","@id":"https:\/\/www.canadametal.com\/fr\/produits\/soudure-a-l-argent\/#breadcrumb","itemListElement":[{"@type":"ListItem","position":1,"name":"Home","item":"https:\/\/www.canadametal.com\/fr\/"},{"@type":"ListItem","position":2,"name":"Products","item":"https:\/\/www.canadametal.com\/fr\/products\/"},{"@type":"ListItem","position":3,"name":"Soudure \u00e0 l\u2019argent"}]},{"@type":"WebSite","@id":"https:\/\/www.canadametal.com\/fr\/#website","url":"https:\/\/www.canadametal.com\/fr\/","name":"Canada Metal","description":"Lead Suppliers, Lead Ingots | Canada Metal North America","publisher":{"@id":"https:\/\/www.canadametal.com\/fr\/#organization"},"potentialAction":[{"@type":"SearchAction","target":{"@type":"EntryPoint","urlTemplate":"https:\/\/www.canadametal.com\/fr\/?s={search_term_string}"},"query-input":{"@type":"PropertyValueSpecification","valueRequired":true,"valueName":"search_term_string"}}],"inLanguage":"fr-FR"},{"@type":"Organization","@id":"https:\/\/www.canadametal.com\/fr\/#organization","name":"Canada Metal","url":"https:\/\/www.canadametal.com\/fr\/","logo":{"@type":"ImageObject","inLanguage":"fr-FR","@id":"https:\/\/www.canadametal.com\/fr\/#\/schema\/logo\/image\/","url":"https:\/\/www.canadametal.com\/wp-content\/uploads\/2025\/10\/cropped-N299.3-16-CMNA-Radiation-Shielding-1_1-1.png","contentUrl":"https:\/\/www.canadametal.com\/wp-content\/uploads\/2025\/10\/cropped-N299.3-16-CMNA-Radiation-Shielding-1_1-1.png","width":1754,"height":155,"caption":"Canada Metal"},"image":{"@id":"https:\/\/www.canadametal.com\/fr\/#\/schema\/logo\/image\/"}}]}},"_links":{"self":[{"href":"https:\/\/www.canadametal.com\/fr\/wp-json\/wp\/v2\/product\/5906","targetHints":{"allow":["GET"]}}],"collection":[{"href":"https:\/\/www.canadametal.com\/fr\/wp-json\/wp\/v2\/product"}],"about":[{"href":"https:\/\/www.canadametal.com\/fr\/wp-json\/wp\/v2\/types\/product"}],"wp:featuredmedia":[{"embeddable":true,"href":"https:\/\/www.canadametal.com\/fr\/wp-json\/wp\/v2\/media\/4357"}],"wp:attachment":[{"href":"https:\/\/www.canadametal.com\/fr\/wp-json\/wp\/v2\/media?parent=5906"}],"wp:term":[{"taxonomy":"product_category","embeddable":true,"href":"https:\/\/www.canadametal.com\/fr\/wp-json\/wp\/v2\/product_category?post=5906"}],"curies":[{"name":"wp","href":"https:\/\/api.w.org\/{rel}","templated":true}]}}